{"id":1381,"date":"2022-04-04T01:21:11","date_gmt":"2022-04-03T22:21:11","guid":{"rendered":"https:\/\/torva.ee\/turism\/sundmused-torva\/"},"modified":"2022-06-10T08:34:42","modified_gmt":"2022-06-10T05:34:42","slug":"sundmused-torva","status":"publish","type":"page","link":"https:\/\/visittorva.ee\/ru\/sundmused-torva\/","title":{"rendered":"\u0421\u043e\u0431\u044b\u0442\u0438\u044f"},"content":{"rendered":"","protected":false},"excerpt":{"rendered":"","protected":false},"author":1,"featured_media":0,"parent":0,"menu_order":0,"comment_status":"closed","ping_status":"closed","template":"template-sundmused.php","meta":{"_acf_changed":false,"footnotes":""},"class_list":["post-1381","page","type-page","status-publish","hentry"],"acf":[],"yoast_head":"<!-- This site is optimized with the Yoast SEO plugin v25.9 - https:\/\/yoast.com\/wordpress\/plugins\/seo\/ -->\n<title>\u0421\u043e\u0431\u044b\u0442\u0438\u044f - T\u00f5rva Turismileht<\/title>\n<meta name=\"description\" content=\"\u00dcritused ja s\u00fcndmused T\u00f5rva vallas.\" \/>\n<meta name=\"robots\" content=\"index, follow, max-snippet:-1, max-image-preview:large, max-video-preview:-1\" \/>\n<link rel=\"canonical\" href=\"https:\/\/visittorva.ee\/ru\/sundmused-torva\/\" \/>\n<meta property=\"og:locale\" content=\"ru_RU\" \/>\n<meta property=\"og:type\" content=\"article\" \/>\n<meta property=\"og:title\" content=\"\u0421\u043e\u0431\u044b\u0442\u0438\u044f - T\u00f5rva Turismileht\" \/>\n<meta property=\"og:description\" content=\"\u00dcritused ja s\u00fcndmused T\u00f5rva vallas.\" \/>\n<meta property=\"og:url\" content=\"https:\/\/visittorva.ee\/ru\/sundmused-torva\/\" \/>\n<meta property=\"og:site_name\" content=\"T\u00f5rva Turismileht\" \/>\n<meta property=\"article:modified_time\" content=\"2022-06-10T05:34:42+00:00\" \/>\n<meta name=\"twitter:card\" content=\"summary_large_image\" \/>\n<script type=\"application\/ld+json\" class=\"yoast-schema-graph\">{\"@context\":\"https:\/\/schema.org\",\"@graph\":[{\"@type\":\"WebPage\",\"@id\":\"https:\/\/visittorva.ee\/ru\/sundmused-torva\/\",\"url\":\"https:\/\/visittorva.ee\/ru\/sundmused-torva\/\",\"name\":\"\u0421\u043e\u0431\u044b\u0442\u0438\u044f - T\u00f5rva Turismileht\",\"isPartOf\":{\"@id\":\"https:\/\/visittorva.ee\/#website\"},\"datePublished\":\"2022-04-03T22:21:11+00:00\",\"dateModified\":\"2022-06-10T05:34:42+00:00\",\"description\":\"\u00dcritused ja s\u00fcndmused T\u00f5rva vallas.\",\"inLanguage\":\"ru-RU\",\"potentialAction\":[{\"@type\":\"ReadAction\",\"target\":[\"https:\/\/visittorva.ee\/ru\/sundmused-torva\/\"]}]},{\"@type\":\"WebSite\",\"@id\":\"https:\/\/visittorva.ee\/#website\",\"url\":\"https:\/\/visittorva.ee\/\",\"name\":\"T\u00f5rva Turismileht\",\"description\":\"Just another WordPress site\",\"potentialAction\":[{\"@type\":\"SearchAction\",\"target\":{\"@type\":\"EntryPoint\",\"urlTemplate\":\"https:\/\/visittorva.ee\/?s={search_term_string}\"},\"query-input\":{\"@type\":\"PropertyValueSpecification\",\"valueRequired\":true,\"valueName\":\"search_term_string\"}}],\"inLanguage\":\"ru-RU\"}]}<\/script>\n<!-- \/ Yoast SEO plugin. -->","yoast_head_json":{"title":"\u0421\u043e\u0431\u044b\u0442\u0438\u044f - T\u00f5rva Turismileht","description":"\u00dcritused ja s\u00fcndmused T\u00f5rva vallas.","robots":{"index":"index","follow":"follow","max-snippet":"max-snippet:-1","max-image-preview":"max-image-preview:large","max-video-preview":"max-video-preview:-1"},"canonical":"https:\/\/visittorva.ee\/ru\/sundmused-torva\/","og_locale":"ru_RU","og_type":"article","og_title":"\u0421\u043e\u0431\u044b\u0442\u0438\u044f - T\u00f5rva Turismileht","og_description":"\u00dcritused ja s\u00fcndmused T\u00f5rva vallas.","og_url":"https:\/\/visittorva.ee\/ru\/sundmused-torva\/","og_site_name":"T\u00f5rva Turismileht","article_modified_time":"2022-06-10T05:34:42+00:00","twitter_card":"summary_large_image","schema":{"@context":"https:\/\/schema.org","@graph":[{"@type":"WebPage","@id":"https:\/\/visittorva.ee\/ru\/sundmused-torva\/","url":"https:\/\/visittorva.ee\/ru\/sundmused-torva\/","name":"\u0421\u043e\u0431\u044b\u0442\u0438\u044f - T\u00f5rva Turismileht","isPartOf":{"@id":"https:\/\/visittorva.ee\/#website"},"datePublished":"2022-04-03T22:21:11+00:00","dateModified":"2022-06-10T05:34:42+00:00","description":"\u00dcritused ja s\u00fcndmused T\u00f5rva vallas.","inLanguage":"ru-RU","potentialAction":[{"@type":"ReadAction","target":["https:\/\/visittorva.ee\/ru\/sundmused-torva\/"]}]},{"@type":"WebSite","@id":"https:\/\/visittorva.ee\/#website","url":"https:\/\/visittorva.ee\/","name":"T\u00f5rva Turismileht","description":"Just another WordPress site","potentialAction":[{"@type":"SearchAction","target":{"@type":"EntryPoint","urlTemplate":"https:\/\/visittorva.ee\/?s={search_term_string}"},"query-input":{"@type":"PropertyValueSpecification","valueRequired":true,"valueName":"search_term_string"}}],"inLanguage":"ru-RU"}]}},"_links":{"self":[{"href":"https:\/\/visittorva.ee\/ru\/wp-json\/wp\/v2\/pages\/1381","targetHints":{"allow":["GET"]}}],"collection":[{"href":"https:\/\/visittorva.ee\/ru\/wp-json\/wp\/v2\/pages"}],"about":[{"href":"https:\/\/visittorva.ee\/ru\/wp-json\/wp\/v2\/types\/page"}],"author":[{"embeddable":true,"href":"https:\/\/visittorva.ee\/ru\/wp-json\/wp\/v2\/users\/1"}],"replies":[{"embeddable":true,"href":"https:\/\/visittorva.ee\/ru\/wp-json\/wp\/v2\/comments?post=1381"}],"version-history":[{"count":2,"href":"https:\/\/visittorva.ee\/ru\/wp-json\/wp\/v2\/pages\/1381\/revisions"}],"predecessor-version":[{"id":1581,"href":"https:\/\/visittorva.ee\/ru\/wp-json\/wp\/v2\/pages\/1381\/revisions\/1581"}],"wp:attachment":[{"href":"https:\/\/visittorva.ee\/ru\/wp-json\/wp\/v2\/media?parent=1381"}],"curies":[{"name":"wp","href":"https:\/\/api.w.org\/{rel}","templated":true}]}}