{"id":1379,"date":"2022-04-04T01:21:38","date_gmt":"2022-04-03T22:21:38","guid":{"rendered":"https:\/\/torva.ee\/turism\/kuhu-minna-mida-teha\/"},"modified":"2022-06-09T16:49:24","modified_gmt":"2022-06-09T13:49:24","slug":"kuhu-minna-mida-teha","status":"publish","type":"page","link":"https:\/\/visittorva.ee\/ru\/kuhu-minna-mida-teha\/","title":{"rendered":"\u041a\u0443\u0434\u0430 \u0441\u0445\u043e\u0434\u0438\u0442\u044c, \u0447\u0435\u043c \u0437\u0430\u043d\u044f\u0442\u044c\u0441\u044f?"},"content":{"rendered":"","protected":false},"excerpt":{"rendered":"","protected":false},"author":1,"featured_media":0,"parent":0,"menu_order":0,"comment_status":"closed","ping_status":"closed","template":"template-tegevused.php","meta":{"_acf_changed":false,"footnotes":""},"class_list":["post-1379","page","type-page","status-publish","hentry"],"acf":[],"yoast_head":"<!-- This site is optimized with the Yoast SEO plugin v25.9 - https:\/\/yoast.com\/wordpress\/plugins\/seo\/ -->\n<title>\u041a\u0443\u0434\u0430 \u0441\u0445\u043e\u0434\u0438\u0442\u044c, \u0447\u0435\u043c \u0437\u0430\u043d\u044f\u0442\u044c\u0441\u044f? - T\u00f5rva Turismileht<\/title>\n<meta name=\"description\" content=\"Siit leiad T\u00f5rva piirkonna p\u00f5nevad vaatamisv\u00e4\u00e4rsused ning huvitavad tegevused kogu perele!\" \/>\n<meta name=\"robots\" content=\"index, follow, max-snippet:-1, max-image-preview:large, max-video-preview:-1\" \/>\n<link rel=\"canonical\" href=\"https:\/\/visittorva.ee\/ru\/kuhu-minna-mida-teha\/\" \/>\n<meta property=\"og:locale\" content=\"ru_RU\" \/>\n<meta property=\"og:type\" content=\"article\" \/>\n<meta property=\"og:title\" content=\"\u041a\u0443\u0434\u0430 \u0441\u0445\u043e\u0434\u0438\u0442\u044c, \u0447\u0435\u043c \u0437\u0430\u043d\u044f\u0442\u044c\u0441\u044f? - T\u00f5rva Turismileht\" \/>\n<meta property=\"og:description\" content=\"Siit leiad T\u00f5rva piirkonna p\u00f5nevad vaatamisv\u00e4\u00e4rsused ning huvitavad tegevused kogu perele!\" \/>\n<meta property=\"og:url\" content=\"https:\/\/visittorva.ee\/ru\/kuhu-minna-mida-teha\/\" \/>\n<meta property=\"og:site_name\" content=\"T\u00f5rva Turismileht\" \/>\n<meta property=\"article:modified_time\" content=\"2022-06-09T13:49:24+00:00\" \/>\n<meta name=\"twitter:card\" content=\"summary_large_image\" \/>\n<script type=\"application\/ld+json\" class=\"yoast-schema-graph\">{\"@context\":\"https:\/\/schema.org\",\"@graph\":[{\"@type\":\"WebPage\",\"@id\":\"https:\/\/visittorva.ee\/ru\/kuhu-minna-mida-teha\/\",\"url\":\"https:\/\/visittorva.ee\/ru\/kuhu-minna-mida-teha\/\",\"name\":\"\u041a\u0443\u0434\u0430 \u0441\u0445\u043e\u0434\u0438\u0442\u044c, \u0447\u0435\u043c \u0437\u0430\u043d\u044f\u0442\u044c\u0441\u044f? - T\u00f5rva Turismileht\",\"isPartOf\":{\"@id\":\"https:\/\/visittorva.ee\/#website\"},\"datePublished\":\"2022-04-03T22:21:38+00:00\",\"dateModified\":\"2022-06-09T13:49:24+00:00\",\"description\":\"Siit leiad T\u00f5rva piirkonna p\u00f5nevad vaatamisv\u00e4\u00e4rsused ning huvitavad tegevused kogu perele!\",\"inLanguage\":\"ru-RU\",\"potentialAction\":[{\"@type\":\"ReadAction\",\"target\":[\"https:\/\/visittorva.ee\/ru\/kuhu-minna-mida-teha\/\"]}]},{\"@type\":\"WebSite\",\"@id\":\"https:\/\/visittorva.ee\/#website\",\"url\":\"https:\/\/visittorva.ee\/\",\"name\":\"T\u00f5rva Turismileht\",\"description\":\"Just another WordPress site\",\"potentialAction\":[{\"@type\":\"SearchAction\",\"target\":{\"@type\":\"EntryPoint\",\"urlTemplate\":\"https:\/\/visittorva.ee\/?s={search_term_string}\"},\"query-input\":{\"@type\":\"PropertyValueSpecification\",\"valueRequired\":true,\"valueName\":\"search_term_string\"}}],\"inLanguage\":\"ru-RU\"}]}<\/script>\n<!-- \/ Yoast SEO plugin. -->","yoast_head_json":{"title":"\u041a\u0443\u0434\u0430 \u0441\u0445\u043e\u0434\u0438\u0442\u044c, \u0447\u0435\u043c \u0437\u0430\u043d\u044f\u0442\u044c\u0441\u044f? - T\u00f5rva Turismileht","description":"Siit leiad T\u00f5rva piirkonna p\u00f5nevad vaatamisv\u00e4\u00e4rsused ning huvitavad tegevused kogu perele!","robots":{"index":"index","follow":"follow","max-snippet":"max-snippet:-1","max-image-preview":"max-image-preview:large","max-video-preview":"max-video-preview:-1"},"canonical":"https:\/\/visittorva.ee\/ru\/kuhu-minna-mida-teha\/","og_locale":"ru_RU","og_type":"article","og_title":"\u041a\u0443\u0434\u0430 \u0441\u0445\u043e\u0434\u0438\u0442\u044c, \u0447\u0435\u043c \u0437\u0430\u043d\u044f\u0442\u044c\u0441\u044f? - T\u00f5rva Turismileht","og_description":"Siit leiad T\u00f5rva piirkonna p\u00f5nevad vaatamisv\u00e4\u00e4rsused ning huvitavad tegevused kogu perele!","og_url":"https:\/\/visittorva.ee\/ru\/kuhu-minna-mida-teha\/","og_site_name":"T\u00f5rva Turismileht","article_modified_time":"2022-06-09T13:49:24+00:00","twitter_card":"summary_large_image","schema":{"@context":"https:\/\/schema.org","@graph":[{"@type":"WebPage","@id":"https:\/\/visittorva.ee\/ru\/kuhu-minna-mida-teha\/","url":"https:\/\/visittorva.ee\/ru\/kuhu-minna-mida-teha\/","name":"\u041a\u0443\u0434\u0430 \u0441\u0445\u043e\u0434\u0438\u0442\u044c, \u0447\u0435\u043c \u0437\u0430\u043d\u044f\u0442\u044c\u0441\u044f? - T\u00f5rva Turismileht","isPartOf":{"@id":"https:\/\/visittorva.ee\/#website"},"datePublished":"2022-04-03T22:21:38+00:00","dateModified":"2022-06-09T13:49:24+00:00","description":"Siit leiad T\u00f5rva piirkonna p\u00f5nevad vaatamisv\u00e4\u00e4rsused ning huvitavad tegevused kogu perele!","inLanguage":"ru-RU","potentialAction":[{"@type":"ReadAction","target":["https:\/\/visittorva.ee\/ru\/kuhu-minna-mida-teha\/"]}]},{"@type":"WebSite","@id":"https:\/\/visittorva.ee\/#website","url":"https:\/\/visittorva.ee\/","name":"T\u00f5rva Turismileht","description":"Just another WordPress site","potentialAction":[{"@type":"SearchAction","target":{"@type":"EntryPoint","urlTemplate":"https:\/\/visittorva.ee\/?s={search_term_string}"},"query-input":{"@type":"PropertyValueSpecification","valueRequired":true,"valueName":"search_term_string"}}],"inLanguage":"ru-RU"}]}},"_links":{"self":[{"href":"https:\/\/visittorva.ee\/ru\/wp-json\/wp\/v2\/pages\/1379","targetHints":{"allow":["GET"]}}],"collection":[{"href":"https:\/\/visittorva.ee\/ru\/wp-json\/wp\/v2\/pages"}],"about":[{"href":"https:\/\/visittorva.ee\/ru\/wp-json\/wp\/v2\/types\/page"}],"author":[{"embeddable":true,"href":"https:\/\/visittorva.ee\/ru\/wp-json\/wp\/v2\/users\/1"}],"replies":[{"embeddable":true,"href":"https:\/\/visittorva.ee\/ru\/wp-json\/wp\/v2\/comments?post=1379"}],"version-history":[{"count":3,"href":"https:\/\/visittorva.ee\/ru\/wp-json\/wp\/v2\/pages\/1379\/revisions"}],"predecessor-version":[{"id":1573,"href":"https:\/\/visittorva.ee\/ru\/wp-json\/wp\/v2\/pages\/1379\/revisions\/1573"}],"wp:attachment":[{"href":"https:\/\/visittorva.ee\/ru\/wp-json\/wp\/v2\/media?parent=1379"}],"curies":[{"name":"wp","href":"https:\/\/api.w.org\/{rel}","templated":true}]}}