{"id":1354,"date":"2022-04-04T01:22:17","date_gmt":"2022-04-03T22:22:17","guid":{"rendered":"https:\/\/torva.ee\/turism\/meist\/"},"modified":"2024-04-15T15:19:43","modified_gmt":"2024-04-15T12:19:43","slug":"meist","status":"publish","type":"page","link":"https:\/\/visittorva.ee\/en\/meist\/","title":{"rendered":"About T\u00f5rva"},"content":{"rendered":"\n<h1 class=\"wp-block-heading\"><strong>T\u00f5rva tourist area is waiting to be discovered!<\/strong><\/h1>\n\n\n\n<p>T\u00f5rva parish is located in southern Estonia, in the historical Mulgimaa region. Mulgimaa fascinates both with its unique nature and rich past, as well as with modern day exciting ventures and active people. The cultural core of Mulgimaa historically included the parishes of Halliste, Karksi, Helme, Paistu and Tarvastu. T\u00f5rva parish is located in the borders of the former Helme parish, which is one of the oldest parishes in Estonia.<\/p>\n\n\n\n<figure class=\"wp-block-image size-large\"><img loading=\"lazy\" decoding=\"async\" width=\"1024\" height=\"569\" src=\"https:\/\/torva.ee\/turism\/wp-content\/uploads\/sites\/2\/2022\/05\/1800px-t-rva-keskv-ljak-muru-kasvamata-2018-08-04-dji-0323-copyright-tiit-veermae-1170x650-2-1024x569.jpeg\" alt=\"\" class=\"wp-image-821\" srcset=\"https:\/\/visittorva.ee\/wp-content\/uploads\/sites\/2\/2022\/05\/1800px-t-rva-keskv-ljak-muru-kasvamata-2018-08-04-dji-0323-copyright-tiit-veermae-1170x650-2-1024x569.jpeg 1024w, https:\/\/visittorva.ee\/wp-content\/uploads\/sites\/2\/2022\/05\/1800px-t-rva-keskv-ljak-muru-kasvamata-2018-08-04-dji-0323-copyright-tiit-veermae-1170x650-2-300x167.jpeg 300w, https:\/\/visittorva.ee\/wp-content\/uploads\/sites\/2\/2022\/05\/1800px-t-rva-keskv-ljak-muru-kasvamata-2018-08-04-dji-0323-copyright-tiit-veermae-1170x650-2-768x427.jpeg 768w, https:\/\/visittorva.ee\/wp-content\/uploads\/sites\/2\/2022\/05\/1800px-t-rva-keskv-ljak-muru-kasvamata-2018-08-04-dji-0323-copyright-tiit-veermae-1170x650-2.jpeg 1170w\" sizes=\"auto, (max-width: 1024px) 100vw, 1024px\" \/><figcaption class=\"wp-element-caption\">T\u00f5rva Central Square. Photo: Tiit Veerm\u00e4e<\/figcaption><\/figure>\n\n\n\n<p>If you want to know more about the Mulgimaa, then you should visit <a href=\"https:\/\/visittorva.ee\/en\/tegevused\/mulgi-experience-centre\/\">Mulgi Experience Centre<\/a>. The centre is a Mulgi landmark and bears the identity of Mulgi people. It is an architectural attraction, a museum, a centre for organising various events and a Mulgimaa information centre, as well as a sales centre for local products and services. <\/p>\n\n\n\n<p>Mulgimaa has been described as the Estonian Tuscany and T\u00f5rva as the resort of Mulgimaa &#8211; this is also the name of the T\u00f5rva Central Square which was completed in 2018 and won the title of the best engineering structure in Estonia. The central square can be enjoyed in many ways &#8211; \u00a0children can have fun on the playground, the older ones can play table tennis, families can have a picnic and take part in events. There are often various exhibitions in the central square for visitors to explore. In 2020, the first sand sculpture \u201cMulgi n\u00e4kk\u201d (\u201cMulgi mermaid\u201d) in T\u00f5rva was erected which turned out to be so popular that in the summer of 2021 an entire park of sand sculptures was created for everyone to enjoy. In 2022 the whole Freedom Park was built in support of Ukraine. The most important one &#8211; sand sculpture depicting Ukrainian President Volodymyr Zelensky as part of the Statue of Liberty. <\/p>\n\n\n\n<h2 class=\"wp-block-heading\">Did you know that T\u00f5rva is the largest city in Mulgimaa?<\/h2>\n\n\n\n<figure class=\"wp-block-image size-large\"><img loading=\"lazy\" decoding=\"async\" width=\"1024\" height=\"683\" src=\"https:\/\/torva.ee\/turism\/wp-content\/uploads\/sites\/2\/2022\/05\/mai-presidendi-katselei-1-1024x683.jpg\" alt=\"\" class=\"wp-image-805\" srcset=\"https:\/\/visittorva.ee\/wp-content\/uploads\/sites\/2\/2022\/05\/mai-presidendi-katselei-1-1024x683.jpg 1024w, https:\/\/visittorva.ee\/wp-content\/uploads\/sites\/2\/2022\/05\/mai-presidendi-katselei-1-300x200.jpg 300w, https:\/\/visittorva.ee\/wp-content\/uploads\/sites\/2\/2022\/05\/mai-presidendi-katselei-1-768x512.jpg 768w, https:\/\/visittorva.ee\/wp-content\/uploads\/sites\/2\/2022\/05\/mai-presidendi-katselei-1-1536x1024.jpg 1536w, https:\/\/visittorva.ee\/wp-content\/uploads\/sites\/2\/2022\/05\/mai-presidendi-katselei-1-2048x1366.jpg 2048w\" sizes=\"auto, (max-width: 1024px) 100vw, 1024px\" \/><figcaption class=\"wp-element-caption\">Sand sculpture in 2021.<\/figcaption><\/figure>\n\n\n\n<p>By the decision of the Republic of Estonia, T\u00f5rva was granted the status of an official summer town already in 1937. T\u00f5rva is still a valued summer resort and during the summer visitors from near and far will find their way here for a number of reasons. There are four lakes in T\u00f5rva: Vanam\u00f5isa, Riiska, Veskij\u00e4rv and Tikste reservoir. One of the special features of T\u00f5rva is that the untouched nature of the \u00d5hne river valley lies right in the heart of the city. The landmark Tar Furnace, built by lake Veskij\u00e4rv, with its steps on the shore, attracts those in the central square to discover this ancient world.<\/p>\n\n\n\n<p>Vanam\u00f5isa and Riiska lakes are official swimming beaches which mean that during the summer lifeguards are on duty and there are several attractions for children to enjoy. Pleasant summer destinations can be found across the parish &#8211; Pikasilla recreation area at the southern tip of Lake V\u00f5rtsj\u00e4rv is strategically located by the waterway, at the mouth of the river V\u00e4ike Emaj\u00f5gi, where you can find everything you need to enjoy a nice vacation and do some fishing. T\u00f5rva parish is also the location for the mysterious lake Koork\u00fcla Valgj\u00e4rv, one of the ten deepest lakes in Estonia, which hides the ruins of an ancient settlement.<\/p>\n\n\n\n<h2 class=\"wp-block-heading\">Did you know that the highest diving tower in the Baltics with a height of 11 meters is located at Lake Vanam\u00f5isa?<\/h2>\n\n\n\n<figure class=\"wp-block-image size-large is-style-default\"><img loading=\"lazy\" decoding=\"async\" width=\"683\" height=\"1024\" src=\"https:\/\/torva.ee\/turism\/wp-content\/uploads\/sites\/2\/2022\/05\/20210726-SvenZacek_21a07k26_045-683x1024.jpg\" alt=\"\" class=\"wp-image-809\" srcset=\"https:\/\/visittorva.ee\/wp-content\/uploads\/sites\/2\/2022\/05\/20210726-SvenZacek_21a07k26_045-683x1024.jpg 683w, https:\/\/visittorva.ee\/wp-content\/uploads\/sites\/2\/2022\/05\/20210726-SvenZacek_21a07k26_045-200x300.jpg 200w, https:\/\/visittorva.ee\/wp-content\/uploads\/sites\/2\/2022\/05\/20210726-SvenZacek_21a07k26_045-768x1152.jpg 768w, https:\/\/visittorva.ee\/wp-content\/uploads\/sites\/2\/2022\/05\/20210726-SvenZacek_21a07k26_045.jpg 800w\" sizes=\"auto, (max-width: 683px) 100vw, 683px\" \/><figcaption class=\"wp-element-caption\">Diving tower. Photo: Sven Zacek<\/figcaption><\/figure>\n\n\n\n<p>One of the most important events of the year in T\u00f5rva parish is the T\u00f5rva Fire Days, an event that fills the whole parish with guests coming from near and far. The family festival lasts several days and includes activities for all ages, sports fans and culture lovers. In 2007-2017, a spectacular open-air performance T\u00f5rva Loits (The Spell of T\u00f5rva) took place and in recent years the culmination of the festival has been the Night of the Lights in T\u00f5rva which combines unique lighting installations, live fire, music and dance. <\/p>\n\n\n\n<p>Especially in honour of Tartu 2024, and for one night only, the legendary T\u00f5rva Loits will be brought to life \u2013 a traditional performance accompanied by fire, water, light and magic tricks! In the twilight, the crazy show merges with the magical light art and music of the T\u00f5rva Fire Night.<\/p>\n\n\n\n<p>High culture events can be enjoyed in the T\u00f5rva Church-Chamber Hall, which is a multifunctional cultural center hosting 35-40 concerts a year in addition to lectures, events, conferences and art exhibitions.<\/p>\n\n\n\n<h2 class=\"wp-block-heading\">Did you know that during the Night of the Lights event nearly a thousand candles are lit on Lake Veskij\u00e4rv?<\/h2>\n\n\n\n<figure class=\"wp-block-image size-large\"><img loading=\"lazy\" decoding=\"async\" width=\"1024\" height=\"682\" src=\"https:\/\/torva.ee\/turism\/wp-content\/uploads\/sites\/2\/2022\/05\/22PP240721A056-1024x682.jpg\" alt=\"\" class=\"wp-image-812\" srcset=\"https:\/\/visittorva.ee\/wp-content\/uploads\/sites\/2\/2022\/05\/22PP240721A056-1024x682.jpg 1024w, https:\/\/visittorva.ee\/wp-content\/uploads\/sites\/2\/2022\/05\/22PP240721A056-300x200.jpg 300w, https:\/\/visittorva.ee\/wp-content\/uploads\/sites\/2\/2022\/05\/22PP240721A056-768x512.jpg 768w, https:\/\/visittorva.ee\/wp-content\/uploads\/sites\/2\/2022\/05\/22PP240721A056-1536x1023.jpg 1536w, https:\/\/visittorva.ee\/wp-content\/uploads\/sites\/2\/2022\/05\/22PP240721A056-2048x1365.jpg 2048w\" sizes=\"auto, (max-width: 1024px) 100vw, 1024px\" \/><figcaption class=\"wp-element-caption\">Night of the Lights<\/figcaption><\/figure>\n\n\n\n<p>Excellent opportunities for sports enthusiasts have been created in T\u00f5rva parish. T\u00f5rva health trail is located in the scenic park forest surrounding lake Vanam\u00f5isa, winding &nbsp;along the tracks in the ancient park around the lake. The hiking tour starts from the park of T\u00f5rva Gymnasium and there are many things to see along the trail: Keisripalu forest, Orjakivi sacrificial stone, Helme cemetery, Tikste ancient valley with Tikste and Pokard reservoirs and Tikste creek, on the shore of which you can see a sandstone outcrop and an old spring which was believed to have medicinal powers. In 2017, T\u00f5rvahealth trails hiking circuit was voted as the best health sports facility. T\u00f5rva health trails have excellent opportunities for skiing, running and hiking. In 2021, T\u00f5rva stadium was thoroughly renovated and the water and sauna center T\u00f5rva Veem\u00f5nula was opened. The health trails and disc golf course form an excellent sports complex , which was awarded with an honorary recognition from the Estonian Olympic Committee.<\/p>\n\n\n\n<figure class=\"wp-block-image size-large\"><img loading=\"lazy\" decoding=\"async\" width=\"1024\" height=\"682\" src=\"https:\/\/torva.ee\/turism\/wp-content\/uploads\/sites\/2\/2022\/05\/zf_SvenZacek_211018_009-1024x682.jpg\" alt=\"\" class=\"wp-image-827\" srcset=\"https:\/\/visittorva.ee\/wp-content\/uploads\/sites\/2\/2022\/05\/zf_SvenZacek_211018_009-1024x682.jpg 1024w, https:\/\/visittorva.ee\/wp-content\/uploads\/sites\/2\/2022\/05\/zf_SvenZacek_211018_009-300x200.jpg 300w, https:\/\/visittorva.ee\/wp-content\/uploads\/sites\/2\/2022\/05\/zf_SvenZacek_211018_009-768x511.jpg 768w, https:\/\/visittorva.ee\/wp-content\/uploads\/sites\/2\/2022\/05\/zf_SvenZacek_211018_009.jpg 1200w\" sizes=\"auto, (max-width: 1024px) 100vw, 1024px\" \/><figcaption class=\"wp-element-caption\">T\u00f5rva stadium. Photo: Sven Zacek<\/figcaption><\/figure>\n\n\n\n<p>A health trail can also be found in Hummuli manor park, which is one of the best examples of English-style parks in Estonia. Soontaga hiking trail s a great place to enjoy pristine nature. Loodusturism.ee offers bog shoe trips in Rubina bog and the Teringi study trail; Mulgi parish is only 40 kilometres away from T\u00f5rva. In addition to the T\u00f5rva disc golf course, you can also play disc golf in Hummuli, Ala, Pikasilla and Ritsu.<\/p>\n\n\n\n<p>If you need some additional excitement during winter then head to Otep\u00e4\u00e4, the winter capital of Estonia \u2013 Kuutsem\u00e4e resort is just a half-hour drive away from T\u00f5rva.<\/p>\n\n\n\n<h2 class=\"wp-block-heading\">Did you know that Magnus Kirt, the best Estonian javelin thrower, is from T\u00f5rva?<\/h2>\n\n\n\n<figure class=\"wp-block-image size-large\"><img loading=\"lazy\" decoding=\"async\" width=\"1024\" height=\"683\" src=\"https:\/\/torva.ee\/turism\/wp-content\/uploads\/sites\/2\/2022\/05\/KV-03462-1024x683.jpg\" alt=\"\" class=\"wp-image-815\" srcset=\"https:\/\/visittorva.ee\/wp-content\/uploads\/sites\/2\/2022\/05\/KV-03462-1024x683.jpg 1024w, https:\/\/visittorva.ee\/wp-content\/uploads\/sites\/2\/2022\/05\/KV-03462-300x200.jpg 300w, https:\/\/visittorva.ee\/wp-content\/uploads\/sites\/2\/2022\/05\/KV-03462-768x512.jpg 768w, https:\/\/visittorva.ee\/wp-content\/uploads\/sites\/2\/2022\/05\/KV-03462-1536x1024.jpg 1536w, https:\/\/visittorva.ee\/wp-content\/uploads\/sites\/2\/2022\/05\/KV-03462-2048x1365.jpg 2048w\" sizes=\"auto, (max-width: 1024px) 100vw, 1024px\" \/><figcaption class=\"wp-element-caption\">Magnus Kirt at T\u00f5rva stadium. Photo: Egon Bogdanov<\/figcaption><\/figure>\n\n\n\n<p>There are several unique sights in T\u00f5rva parish that make it an exciting tourist destination for history buffs and thrill seekers. Less than 10 kilometres outside the town of T\u00f5rva in J\u00f5geveste is the only mausoleum in Estonia &#8211; the final resting place of the famous military leader Barclay de Tolly who defeated Napoleon.<\/p>\n\n\n\n<figure class=\"wp-block-image size-large\"><img loading=\"lazy\" decoding=\"async\" width=\"1024\" height=\"683\" src=\"https:\/\/torva.ee\/turism\/wp-content\/uploads\/sites\/2\/2022\/05\/zf_SZ_211003_NIKON-D850_017-1024x683.jpg\" alt=\"\" class=\"wp-image-818\" srcset=\"https:\/\/visittorva.ee\/wp-content\/uploads\/sites\/2\/2022\/05\/zf_SZ_211003_NIKON-D850_017-1024x683.jpg 1024w, https:\/\/visittorva.ee\/wp-content\/uploads\/sites\/2\/2022\/05\/zf_SZ_211003_NIKON-D850_017-300x200.jpg 300w, https:\/\/visittorva.ee\/wp-content\/uploads\/sites\/2\/2022\/05\/zf_SZ_211003_NIKON-D850_017-768x512.jpg 768w, https:\/\/visittorva.ee\/wp-content\/uploads\/sites\/2\/2022\/05\/zf_SZ_211003_NIKON-D850_017.jpg 1200w\" sizes=\"auto, (max-width: 1024px) 100vw, 1024px\" \/><figcaption class=\"wp-element-caption\">Barclay de Tolly mausoleum. Photo: Sven Zacek<\/figcaption><\/figure>\n\n\n\n<p>Those interested in history are welcome to the Helme Parish Museum right next to the town of T\u00f5rva, where you will not only see preserved items, but also conserved memories where each item can tell a story about its maker, user or owner. The ruins of the grand Helme church and the ruins of the Helme order castle are waiting to be discovered nearby the Parish Museum. When visiting the ruins of the order castle, make sure you also visit the caves of Helme. Although some of the caves have collapsed over time, several passages are still waiting for visitors. You can also find interesting caves in Koork\u00fcla village. The caves of Koork\u00fcla, which according to folklore are also known as the Hell&#8217;s Tomb and a place of ghosts, are also still accessible.<\/p>\n\n\n\n<p>Military enthusiasts are welcome to K\u00e4re battlefields, where it is possible to experience history at its best, picturing you in the battlefields of 1944. Valga Military Theme Park is less than 30 kilometres from T\u00f5rva.<\/p>\n\n\n\n<h2 class=\"wp-block-heading\">Did you know that caves were used as a refuge during the war?<\/h2>\n\n\n\n<figure class=\"wp-block-image size-large\"><img loading=\"lazy\" decoding=\"async\" width=\"1024\" height=\"683\" src=\"https:\/\/torva.ee\/turism\/wp-content\/uploads\/sites\/2\/2022\/05\/20210726-SvenZacek_21a07k26_001-1024x683.jpg\" alt=\"\" class=\"wp-image-729\" srcset=\"https:\/\/visittorva.ee\/wp-content\/uploads\/sites\/2\/2022\/05\/20210726-SvenZacek_21a07k26_001-1024x683.jpg 1024w, https:\/\/visittorva.ee\/wp-content\/uploads\/sites\/2\/2022\/05\/20210726-SvenZacek_21a07k26_001-300x200.jpg 300w, https:\/\/visittorva.ee\/wp-content\/uploads\/sites\/2\/2022\/05\/20210726-SvenZacek_21a07k26_001-768x512.jpg 768w, https:\/\/visittorva.ee\/wp-content\/uploads\/sites\/2\/2022\/05\/20210726-SvenZacek_21a07k26_001.jpg 1200w\" sizes=\"auto, (max-width: 1024px) 100vw, 1024px\" \/><figcaption class=\"wp-element-caption\">Helme caves. Photo: Sven Zacek<\/figcaption><\/figure>\n\n\n\n<p>In the center of T\u00f5rva you can enjoy the art of cinema in the Stalinist-style built cinema Koit. There are also other exceptional buildings nearby that hold a very valuable place in cultural history. The characteristic T\u00f5rva tavern building, built in 1834, is still a symbol of the parish center<\/p>\n\n\n\n<figure class=\"wp-block-image size-large\"><img loading=\"lazy\" decoding=\"async\" width=\"1024\" height=\"683\" src=\"https:\/\/torva.ee\/turism\/wp-content\/uploads\/sites\/2\/2022\/05\/20210726-SvenZacek_21a07k26_090-1024x683.jpg\" alt=\"\" class=\"wp-image-732\" srcset=\"https:\/\/visittorva.ee\/wp-content\/uploads\/sites\/2\/2022\/05\/20210726-SvenZacek_21a07k26_090-1024x683.jpg 1024w, https:\/\/visittorva.ee\/wp-content\/uploads\/sites\/2\/2022\/05\/20210726-SvenZacek_21a07k26_090-300x200.jpg 300w, https:\/\/visittorva.ee\/wp-content\/uploads\/sites\/2\/2022\/05\/20210726-SvenZacek_21a07k26_090-768x512.jpg 768w, https:\/\/visittorva.ee\/wp-content\/uploads\/sites\/2\/2022\/05\/20210726-SvenZacek_21a07k26_090.jpg 1200w\" sizes=\"auto, (max-width: 1024px) 100vw, 1024px\" \/><figcaption class=\"wp-element-caption\">T\u00f5rva tavern building. Photo: Sven Zacek<\/figcaption><\/figure>\n\n\n\n<p>There are several well-preserved manors around T\u00f5rva, the most famous of them is probably Taagepera castle, where Castle Spa Wagenk\u00fcll now operates. A majestic neo-Gothic knight manor can be found in Hummuli, which currently houses a primary school. Holdre manor is now renovated and the National Piano Museum has found its place there. If you want a truly luxurious accommodation, it&#8217;s worth going to Pokardi Manor, where The Manor Sports &amp; Spa operates. In addition, you will find a knight manor in Riidaja &#8211; this manor is one of the best preserved baroque wooden manors in Estonia and currently houses Riidaja library.<\/p>\n\n\n\n<h2 class=\"wp-block-heading\">Did you know that in addition to its own cinema, T\u00f5rva also has its own radio periodically?<\/h2>\n\n\n\n<figure class=\"wp-block-image size-large\"><img loading=\"lazy\" decoding=\"async\" width=\"1024\" height=\"705\" src=\"https:\/\/torva.ee\/turism\/wp-content\/uploads\/sites\/2\/2022\/05\/juuli-kristjan-lust-1-1024x705.jpg\" alt=\"\" class=\"wp-image-824\" srcset=\"https:\/\/visittorva.ee\/wp-content\/uploads\/sites\/2\/2022\/05\/juuli-kristjan-lust-1-1024x705.jpg 1024w, https:\/\/visittorva.ee\/wp-content\/uploads\/sites\/2\/2022\/05\/juuli-kristjan-lust-1-300x207.jpg 300w, https:\/\/visittorva.ee\/wp-content\/uploads\/sites\/2\/2022\/05\/juuli-kristjan-lust-1-768x529.jpg 768w, https:\/\/visittorva.ee\/wp-content\/uploads\/sites\/2\/2022\/05\/juuli-kristjan-lust-1-1536x1058.jpg 1536w, https:\/\/visittorva.ee\/wp-content\/uploads\/sites\/2\/2022\/05\/juuli-kristjan-lust-1-2048x1410.jpg 2048w\" sizes=\"auto, (max-width: 1024px) 100vw, 1024px\" \/><figcaption class=\"wp-element-caption\">Photo: Kristjan Lust<\/figcaption><\/figure>\n\n\n\n<h2 class=\"wp-block-heading has-text-align-center\">Visit T\u00f5rva!<\/h2>\n","protected":false},"excerpt":{"rendered":"<p>T\u00f5rva tourist area is waiting to be discovered! T\u00f5rva parish is located in southern Estonia, in the historical Mulgimaa region. Mulgimaa fascinates both with its unique nature and rich past, as well as with modern day exciting ventures and active people. The cultural core of Mulgimaa historically included the parishes of Halliste, Karksi, Helme, Paistu [&hellip;]<\/p>\n","protected":false},"author":1,"featured_media":0,"parent":0,"menu_order":0,"comment_status":"closed","ping_status":"closed","template":"","meta":{"_acf_changed":false,"footnotes":""},"class_list":["post-1354","page","type-page","status-publish","hentry"],"acf":[],"yoast_head":"<!-- This site is optimized with the Yoast SEO plugin v25.9 - https:\/\/yoast.com\/wordpress\/plugins\/seo\/ -->\n<title>About T\u00f5rva - T\u00f5rva Turism<\/title>\n<meta name=\"robots\" content=\"index, follow, max-snippet:-1, max-image-preview:large, max-video-preview:-1\" \/>\n<link rel=\"canonical\" href=\"https:\/\/visittorva.ee\/en\/meist\/\" \/>\n<meta property=\"og:locale\" content=\"en_US\" \/>\n<meta property=\"og:type\" content=\"article\" \/>\n<meta property=\"og:title\" content=\"About T\u00f5rva - T\u00f5rva Turism\" \/>\n<meta property=\"og:description\" content=\"T\u00f5rva tourist area is waiting to be discovered! T\u00f5rva parish is located in southern Estonia, in the historical Mulgimaa region. Mulgimaa fascinates both with its unique nature and rich past, as well as with modern day exciting ventures and active people. The cultural core of Mulgimaa historically included the parishes of Halliste, Karksi, Helme, Paistu [&hellip;]\" \/>\n<meta property=\"og:url\" content=\"https:\/\/visittorva.ee\/en\/meist\/\" \/>\n<meta property=\"og:site_name\" content=\"T\u00f5rva Turism\" \/>\n<meta property=\"article:modified_time\" content=\"2024-04-15T12:19:43+00:00\" \/>\n<meta property=\"og:image\" content=\"https:\/\/torva.ee\/turism\/wp-content\/uploads\/sites\/2\/2022\/05\/1800px-t-rva-keskv-ljak-muru-kasvamata-2018-08-04-dji-0323-copyright-tiit-veermae-1170x650-2-1024x569.jpeg\" \/>\n<meta name=\"twitter:card\" content=\"summary_large_image\" \/>\n<meta name=\"twitter:label1\" content=\"Est. reading time\" \/>\n\t<meta name=\"twitter:data1\" content=\"10 minutes\" \/>\n<script type=\"application\/ld+json\" class=\"yoast-schema-graph\">{\"@context\":\"https:\/\/schema.org\",\"@graph\":[{\"@type\":\"WebPage\",\"@id\":\"https:\/\/visittorva.ee\/en\/meist\/\",\"url\":\"https:\/\/visittorva.ee\/en\/meist\/\",\"name\":\"About T\u00f5rva - T\u00f5rva Turism\",\"isPartOf\":{\"@id\":\"https:\/\/visittorva.ee\/#website\"},\"primaryImageOfPage\":{\"@id\":\"https:\/\/visittorva.ee\/en\/meist\/#primaryimage\"},\"image\":{\"@id\":\"https:\/\/visittorva.ee\/en\/meist\/#primaryimage\"},\"thumbnailUrl\":\"https:\/\/torva.ee\/turism\/wp-content\/uploads\/sites\/2\/2022\/05\/1800px-t-rva-keskv-ljak-muru-kasvamata-2018-08-04-dji-0323-copyright-tiit-veermae-1170x650-2-1024x569.jpeg\",\"datePublished\":\"2022-04-03T22:22:17+00:00\",\"dateModified\":\"2024-04-15T12:19:43+00:00\",\"inLanguage\":\"en-US\",\"potentialAction\":[{\"@type\":\"ReadAction\",\"target\":[\"https:\/\/visittorva.ee\/en\/meist\/\"]}]},{\"@type\":\"ImageObject\",\"inLanguage\":\"en-US\",\"@id\":\"https:\/\/visittorva.ee\/en\/meist\/#primaryimage\",\"url\":\"https:\/\/torva.ee\/turism\/wp-content\/uploads\/sites\/2\/2022\/05\/1800px-t-rva-keskv-ljak-muru-kasvamata-2018-08-04-dji-0323-copyright-tiit-veermae-1170x650-2-1024x569.jpeg\",\"contentUrl\":\"https:\/\/torva.ee\/turism\/wp-content\/uploads\/sites\/2\/2022\/05\/1800px-t-rva-keskv-ljak-muru-kasvamata-2018-08-04-dji-0323-copyright-tiit-veermae-1170x650-2-1024x569.jpeg\"},{\"@type\":\"WebSite\",\"@id\":\"https:\/\/visittorva.ee\/#website\",\"url\":\"https:\/\/visittorva.ee\/\",\"name\":\"T\u00f5rva Turism\",\"description\":\"\",\"potentialAction\":[{\"@type\":\"SearchAction\",\"target\":{\"@type\":\"EntryPoint\",\"urlTemplate\":\"https:\/\/visittorva.ee\/?s={search_term_string}\"},\"query-input\":{\"@type\":\"PropertyValueSpecification\",\"valueRequired\":true,\"valueName\":\"search_term_string\"}}],\"inLanguage\":\"en-US\"}]}<\/script>\n<!-- \/ Yoast SEO plugin. -->","yoast_head_json":{"title":"About T\u00f5rva - T\u00f5rva Turism","robots":{"index":"index","follow":"follow","max-snippet":"max-snippet:-1","max-image-preview":"max-image-preview:large","max-video-preview":"max-video-preview:-1"},"canonical":"https:\/\/visittorva.ee\/en\/meist\/","og_locale":"en_US","og_type":"article","og_title":"About T\u00f5rva - T\u00f5rva Turism","og_description":"T\u00f5rva tourist area is waiting to be discovered! T\u00f5rva parish is located in southern Estonia, in the historical Mulgimaa region. Mulgimaa fascinates both with its unique nature and rich past, as well as with modern day exciting ventures and active people. The cultural core of Mulgimaa historically included the parishes of Halliste, Karksi, Helme, Paistu [&hellip;]","og_url":"https:\/\/visittorva.ee\/en\/meist\/","og_site_name":"T\u00f5rva Turism","article_modified_time":"2024-04-15T12:19:43+00:00","og_image":[{"url":"https:\/\/torva.ee\/turism\/wp-content\/uploads\/sites\/2\/2022\/05\/1800px-t-rva-keskv-ljak-muru-kasvamata-2018-08-04-dji-0323-copyright-tiit-veermae-1170x650-2-1024x569.jpeg","type":"","width":"","height":""}],"twitter_card":"summary_large_image","twitter_misc":{"Est. reading time":"10 minutes"},"schema":{"@context":"https:\/\/schema.org","@graph":[{"@type":"WebPage","@id":"https:\/\/visittorva.ee\/en\/meist\/","url":"https:\/\/visittorva.ee\/en\/meist\/","name":"About T\u00f5rva - T\u00f5rva Turism","isPartOf":{"@id":"https:\/\/visittorva.ee\/#website"},"primaryImageOfPage":{"@id":"https:\/\/visittorva.ee\/en\/meist\/#primaryimage"},"image":{"@id":"https:\/\/visittorva.ee\/en\/meist\/#primaryimage"},"thumbnailUrl":"https:\/\/torva.ee\/turism\/wp-content\/uploads\/sites\/2\/2022\/05\/1800px-t-rva-keskv-ljak-muru-kasvamata-2018-08-04-dji-0323-copyright-tiit-veermae-1170x650-2-1024x569.jpeg","datePublished":"2022-04-03T22:22:17+00:00","dateModified":"2024-04-15T12:19:43+00:00","inLanguage":"en-US","potentialAction":[{"@type":"ReadAction","target":["https:\/\/visittorva.ee\/en\/meist\/"]}]},{"@type":"ImageObject","inLanguage":"en-US","@id":"https:\/\/visittorva.ee\/en\/meist\/#primaryimage","url":"https:\/\/torva.ee\/turism\/wp-content\/uploads\/sites\/2\/2022\/05\/1800px-t-rva-keskv-ljak-muru-kasvamata-2018-08-04-dji-0323-copyright-tiit-veermae-1170x650-2-1024x569.jpeg","contentUrl":"https:\/\/torva.ee\/turism\/wp-content\/uploads\/sites\/2\/2022\/05\/1800px-t-rva-keskv-ljak-muru-kasvamata-2018-08-04-dji-0323-copyright-tiit-veermae-1170x650-2-1024x569.jpeg"},{"@type":"WebSite","@id":"https:\/\/visittorva.ee\/#website","url":"https:\/\/visittorva.ee\/","name":"T\u00f5rva Turism","description":"","potentialAction":[{"@type":"SearchAction","target":{"@type":"EntryPoint","urlTemplate":"https:\/\/visittorva.ee\/?s={search_term_string}"},"query-input":{"@type":"PropertyValueSpecification","valueRequired":true,"valueName":"search_term_string"}}],"inLanguage":"en-US"}]}},"_links":{"self":[{"href":"https:\/\/visittorva.ee\/en\/wp-json\/wp\/v2\/pages\/1354","targetHints":{"allow":["GET"]}}],"collection":[{"href":"https:\/\/visittorva.ee\/en\/wp-json\/wp\/v2\/pages"}],"about":[{"href":"https:\/\/visittorva.ee\/en\/wp-json\/wp\/v2\/types\/page"}],"author":[{"embeddable":true,"href":"https:\/\/visittorva.ee\/en\/wp-json\/wp\/v2\/users\/1"}],"replies":[{"embeddable":true,"href":"https:\/\/visittorva.ee\/en\/wp-json\/wp\/v2\/comments?post=1354"}],"version-history":[{"count":5,"href":"https:\/\/visittorva.ee\/en\/wp-json\/wp\/v2\/pages\/1354\/revisions"}],"predecessor-version":[{"id":5484,"href":"https:\/\/visittorva.ee\/en\/wp-json\/wp\/v2\/pages\/1354\/revisions\/5484"}],"wp:attachment":[{"href":"https:\/\/visittorva.ee\/en\/wp-json\/wp\/v2\/media?parent=1354"}],"curies":[{"name":"wp","href":"https:\/\/api.w.org\/{rel}","templated":true}]}}