{"id":1352,"date":"2022-04-04T01:51:18","date_gmt":"2022-04-03T22:51:18","guid":{"rendered":"https:\/\/torva.ee\/turism\/aktiivne-puhkus\/"},"modified":"2022-05-25T20:15:03","modified_gmt":"2022-05-25T17:15:03","slug":"active-vacation","status":"publish","type":"page","link":"https:\/\/visittorva.ee\/en\/kuhu-minna-mida-teha\/active-vacation\/","title":{"rendered":"Active vacation"},"content":{"rendered":"\n<p>Excellent opportunities for sports enthusiasts have been created in T\u00f5rva parish. T\u00f5rva health trail is located in the scenic park forest surrounding lake Vanam\u00f5isa, winding along the tracks in the ancient park around the lake. In 2017, T\u00f5rva health trails hiking circuit was voted as the best health sports facility. T\u00f5rva health trails have excellent opportunities for skiing, running and hiking. In 2021, T\u00f5rva stadium was thoroughly renovated and the water and sauna center T\u00f5rva Veem\u00f5nula was opened. The health trails and disc golf course form an excellent sports complex, which was awarded with an honorary recognition from the Estonian Olympic Committee.<\/p>\n\n\n\n<p>A health trail can also be found in Hummuli manor park, which is one of the best examples of English-style parks in Estonia. Soontaga hiking trail s a great place to enjoy pristine nature. Loodusturism.ee offers bog shoe trips in Rubina bog and in the Teringi study trail in Mulgi parish. In addition to the T\u00f5rva disc golf course, you can also play disc golf in Hummuli, Ala, Pikasilla and Ritsu.<\/p>\n\n\n\n<p>If you need some additional excitement during winter then head to Otep\u00e4\u00e4, the winter capital of Estonia \u2013 Kuutsem\u00e4e resort is just a half-hour drive away from T\u00f5rva.<\/p>\n","protected":false},"excerpt":{"rendered":"<p>Excellent opportunities for sports enthusiasts have been created in T\u00f5rva parish. T\u00f5rva health trail is located in the scenic park forest surrounding lake Vanam\u00f5isa, winding along the tracks in the ancient park around the lake. In 2017, T\u00f5rva health trails hiking circuit was voted as the best health sports facility. T\u00f5rva health trails have excellent [&hellip;]<\/p>\n","protected":false},"author":1,"featured_media":0,"parent":1357,"menu_order":0,"comment_status":"closed","ping_status":"closed","template":"template-tegevused.php","meta":{"_acf_changed":false,"footnotes":""},"class_list":["post-1352","page","type-page","status-publish","hentry"],"acf":[],"yoast_head":"<!-- This site is optimized with the Yoast SEO plugin v25.9 - https:\/\/yoast.com\/wordpress\/plugins\/seo\/ -->\n<title>Active vacation - T\u00f5rva Turism<\/title>\n<meta name=\"robots\" content=\"index, follow, max-snippet:-1, max-image-preview:large, max-video-preview:-1\" \/>\n<link rel=\"canonical\" href=\"https:\/\/visittorva.ee\/en\/kuhu-minna-mida-teha\/active-vacation\/\" \/>\n<meta property=\"og:locale\" content=\"en_US\" \/>\n<meta property=\"og:type\" content=\"article\" \/>\n<meta property=\"og:title\" content=\"Active vacation - T\u00f5rva Turism\" \/>\n<meta property=\"og:description\" content=\"Excellent opportunities for sports enthusiasts have been created in T\u00f5rva parish. T\u00f5rva health trail is located in the scenic park forest surrounding lake Vanam\u00f5isa, winding along the tracks in the ancient park around the lake. In 2017, T\u00f5rva health trails hiking circuit was voted as the best health sports facility. T\u00f5rva health trails have excellent [&hellip;]\" \/>\n<meta property=\"og:url\" content=\"https:\/\/visittorva.ee\/en\/kuhu-minna-mida-teha\/active-vacation\/\" \/>\n<meta property=\"og:site_name\" content=\"T\u00f5rva Turism\" \/>\n<meta property=\"article:modified_time\" content=\"2022-05-25T17:15:03+00:00\" \/>\n<meta name=\"twitter:card\" content=\"summary_large_image\" \/>\n<meta name=\"twitter:label1\" content=\"Est. reading time\" \/>\n\t<meta name=\"twitter:data1\" content=\"2 minutes\" \/>\n<script type=\"application\/ld+json\" class=\"yoast-schema-graph\">{\"@context\":\"https:\/\/schema.org\",\"@graph\":[{\"@type\":\"WebPage\",\"@id\":\"https:\/\/visittorva.ee\/en\/kuhu-minna-mida-teha\/active-vacation\/\",\"url\":\"https:\/\/visittorva.ee\/en\/kuhu-minna-mida-teha\/active-vacation\/\",\"name\":\"Active vacation - T\u00f5rva Turism\",\"isPartOf\":{\"@id\":\"https:\/\/visittorva.ee\/#website\"},\"datePublished\":\"2022-04-03T22:51:18+00:00\",\"dateModified\":\"2022-05-25T17:15:03+00:00\",\"breadcrumb\":{\"@id\":\"https:\/\/visittorva.ee\/en\/kuhu-minna-mida-teha\/active-vacation\/#breadcrumb\"},\"inLanguage\":\"en-US\",\"potentialAction\":[{\"@type\":\"ReadAction\",\"target\":[\"https:\/\/visittorva.ee\/en\/kuhu-minna-mida-teha\/active-vacation\/\"]}]},{\"@type\":\"BreadcrumbList\",\"@id\":\"https:\/\/visittorva.ee\/en\/kuhu-minna-mida-teha\/active-vacation\/#breadcrumb\",\"itemListElement\":[{\"@type\":\"ListItem\",\"position\":1,\"name\":\"Where to go, what to do?\",\"item\":\"https:\/\/visittorva.ee\/en\/kuhu-minna-mida-teha\/\"},{\"@type\":\"ListItem\",\"position\":2,\"name\":\"Active vacation\"}]},{\"@type\":\"WebSite\",\"@id\":\"https:\/\/visittorva.ee\/#website\",\"url\":\"https:\/\/visittorva.ee\/\",\"name\":\"T\u00f5rva Turism\",\"description\":\"\",\"potentialAction\":[{\"@type\":\"SearchAction\",\"target\":{\"@type\":\"EntryPoint\",\"urlTemplate\":\"https:\/\/visittorva.ee\/?s={search_term_string}\"},\"query-input\":{\"@type\":\"PropertyValueSpecification\",\"valueRequired\":true,\"valueName\":\"search_term_string\"}}],\"inLanguage\":\"en-US\"}]}<\/script>\n<!-- \/ Yoast SEO plugin. -->","yoast_head_json":{"title":"Active vacation - T\u00f5rva Turism","robots":{"index":"index","follow":"follow","max-snippet":"max-snippet:-1","max-image-preview":"max-image-preview:large","max-video-preview":"max-video-preview:-1"},"canonical":"https:\/\/visittorva.ee\/en\/kuhu-minna-mida-teha\/active-vacation\/","og_locale":"en_US","og_type":"article","og_title":"Active vacation - T\u00f5rva Turism","og_description":"Excellent opportunities for sports enthusiasts have been created in T\u00f5rva parish. T\u00f5rva health trail is located in the scenic park forest surrounding lake Vanam\u00f5isa, winding along the tracks in the ancient park around the lake. In 2017, T\u00f5rva health trails hiking circuit was voted as the best health sports facility. T\u00f5rva health trails have excellent [&hellip;]","og_url":"https:\/\/visittorva.ee\/en\/kuhu-minna-mida-teha\/active-vacation\/","og_site_name":"T\u00f5rva Turism","article_modified_time":"2022-05-25T17:15:03+00:00","twitter_card":"summary_large_image","twitter_misc":{"Est. reading time":"2 minutes"},"schema":{"@context":"https:\/\/schema.org","@graph":[{"@type":"WebPage","@id":"https:\/\/visittorva.ee\/en\/kuhu-minna-mida-teha\/active-vacation\/","url":"https:\/\/visittorva.ee\/en\/kuhu-minna-mida-teha\/active-vacation\/","name":"Active vacation - T\u00f5rva Turism","isPartOf":{"@id":"https:\/\/visittorva.ee\/#website"},"datePublished":"2022-04-03T22:51:18+00:00","dateModified":"2022-05-25T17:15:03+00:00","breadcrumb":{"@id":"https:\/\/visittorva.ee\/en\/kuhu-minna-mida-teha\/active-vacation\/#breadcrumb"},"inLanguage":"en-US","potentialAction":[{"@type":"ReadAction","target":["https:\/\/visittorva.ee\/en\/kuhu-minna-mida-teha\/active-vacation\/"]}]},{"@type":"BreadcrumbList","@id":"https:\/\/visittorva.ee\/en\/kuhu-minna-mida-teha\/active-vacation\/#breadcrumb","itemListElement":[{"@type":"ListItem","position":1,"name":"Where to go, what to do?","item":"https:\/\/visittorva.ee\/en\/kuhu-minna-mida-teha\/"},{"@type":"ListItem","position":2,"name":"Active vacation"}]},{"@type":"WebSite","@id":"https:\/\/visittorva.ee\/#website","url":"https:\/\/visittorva.ee\/","name":"T\u00f5rva Turism","description":"","potentialAction":[{"@type":"SearchAction","target":{"@type":"EntryPoint","urlTemplate":"https:\/\/visittorva.ee\/?s={search_term_string}"},"query-input":{"@type":"PropertyValueSpecification","valueRequired":true,"valueName":"search_term_string"}}],"inLanguage":"en-US"}]}},"_links":{"self":[{"href":"https:\/\/visittorva.ee\/en\/wp-json\/wp\/v2\/pages\/1352","targetHints":{"allow":["GET"]}}],"collection":[{"href":"https:\/\/visittorva.ee\/en\/wp-json\/wp\/v2\/pages"}],"about":[{"href":"https:\/\/visittorva.ee\/en\/wp-json\/wp\/v2\/types\/page"}],"author":[{"embeddable":true,"href":"https:\/\/visittorva.ee\/en\/wp-json\/wp\/v2\/users\/1"}],"replies":[{"embeddable":true,"href":"https:\/\/visittorva.ee\/en\/wp-json\/wp\/v2\/comments?post=1352"}],"version-history":[{"count":3,"href":"https:\/\/visittorva.ee\/en\/wp-json\/wp\/v2\/pages\/1352\/revisions"}],"predecessor-version":[{"id":1463,"href":"https:\/\/visittorva.ee\/en\/wp-json\/wp\/v2\/pages\/1352\/revisions\/1463"}],"up":[{"embeddable":true,"href":"https:\/\/visittorva.ee\/en\/wp-json\/wp\/v2\/pages\/1357"}],"wp:attachment":[{"href":"https:\/\/visittorva.ee\/en\/wp-json\/wp\/v2\/media?parent=1352"}],"curies":[{"name":"wp","href":"https:\/\/api.w.org\/{rel}","templated":true}]}}